{"id":6007,"date":"2025-03-27T13:47:55","date_gmt":"2025-03-27T13:47:55","guid":{"rendered":"http:\/\/egeatabey.com\/?page_id=6007"},"modified":"2025-03-27T13:52:00","modified_gmt":"2025-03-27T13:52:00","slug":"edergi","status":"publish","type":"page","link":"https:\/\/egeatabey.com\/index.php\/edergi\/","title":{"rendered":"e-dergi"},"content":{"rendered":"\t\t<div data-elementor-type=\"wp-post\" data-elementor-id=\"6007\" class=\"elementor elementor-6007\" data-elementor-post-type=\"page\">\n\t\t\t\t\t\t<section class=\"elementor-section elementor-top-section elementor-element elementor-element-f3f0388 elementor-section-stretched elementor-section-boxed elementor-section-height-default elementor-section-height-default\" data-id=\"f3f0388\" data-element_type=\"section\" data-settings=\"{&quot;stretch_section&quot;:&quot;section-stretched&quot;,&quot;ekit_has_onepagescroll_dot&quot;:&quot;yes&quot;}\">\n\t\t\t\t\t\t<div class=\"elementor-container elementor-column-gap-extended\">\n\t\t\t\t\t<div class=\"elementor-column elementor-col-100 elementor-top-column elementor-element elementor-element-b529efa\" data-id=\"b529efa\" data-element_type=\"column\">\n\t\t\t<div class=\"elementor-widget-wrap elementor-element-populated\">\n\t\t\t\t\t\t<div class=\"elementor-element elementor-element-6458890 elementor-widget elementor-widget-edumy_heading\" data-id=\"6458890\" data-element_type=\"widget\" data-settings=\"{&quot;ekit_we_effect_on&quot;:&quot;none&quot;}\" data-widget_type=\"edumy_heading.default\">\n\t\t\t\t<div class=\"elementor-widget-container\">\n\t\t\t<h2 class=\"edumy-heading-title edumy-size-default\">\u00d6nc\u00fc Uygulamalar\u0131m\u0131z<\/h2>\t\t<\/div>\n\t\t\t\t<\/div>\n\t\t\t\t<div class=\"elementor-element elementor-element-1353d01 elementor-widget elementor-widget-embedpress_pdf\" data-id=\"1353d01\" data-element_type=\"widget\" data-settings=\"{&quot;ekit_we_effect_on&quot;:&quot;none&quot;}\" data-widget_type=\"embedpress_pdf.default\">\n\t\t\t\t<div class=\"elementor-widget-container\">\n\t\t\t    <div class=\"embedpress-document-embed ep-doc-c2274729fb459a410f8f405ab30bc84c ose-document emebedpress-unit-percent \" data-thememode=\"default\" data-customcolor=\"\" data-toolbar=\"yes\" data-toolbar-position=\"top\" data-open=\"no\" data-presentation-mode=\"yes\" data-download=\"yes\" data-copy=\"yes\" data-add-image=\"yes\" data-rotate=\"yes\" data-details=\"yes\" data-id=\"embedpress-pdf-1353d01\" data-selection-tool=\"0\" data-scrolling=\"0\" data-spreads=\"-1\" style=\" max-width:100%; display: inline-block\">\n        \n        \n                <div >\n                \n                    <div id=\"ep-elementor-content-1353d01\" class=\"ep-elementor-content   ep-percentage-width   ep-content-protection-disabled\">\n                        <div id=\"1353d01\" class=\"ep-embed-content-wraper\">\n                            <div><iframe title=\"dergi\" class=\"embedpress-embed-document-pdf embedpress-pdf-1353d01\" allowfullscreen=\"true\" mozallowfullscreen=\"true\" webkitallowfullscreen=\"true\" style=\"width: 600%!important;height: 600px;; max-width:100%;\" src=\"https:\/\/egeatabey.com\/wp-content\/uploads\/2025\/03\/dergi.pdf\" class=\"embedpress-embed-document-pdf embedpress-pdf-1353d01\" data-emid=\"embedpress-pdf-1353d01\"><\/iframe><p class=\"embedpress-el-powered\">Powered By EmbedPress<\/p><\/div>                        <\/div> \n\n                    <\/div>\n        \n\n                                    <\/div>\n            \n    <\/div>\n\n\t\t<\/div>\n\t\t\t\t<\/div>\n\t\t\t\t\t<\/div>\n\t\t<\/div>\n\t\t\t\t\t<\/div>\n\t\t<\/section>\n\t\t\t\t<\/div>\n\t\t","protected":false},"excerpt":{"rendered":"<p>\u00d6nc\u00fc Uygulamalar\u0131m\u0131z Powered By EmbedPress<\/p>\n","protected":false},"author":1,"featured_media":0,"parent":0,"menu_order":0,"comment_status":"closed","ping_status":"closed","template":"","meta":{"footnotes":""},"class_list":["post-6007","page","type-page","status-publish","hentry"],"_links":{"self":[{"href":"https:\/\/egeatabey.com\/index.php\/wp-json\/wp\/v2\/pages\/6007","targetHints":{"allow":["GET"]}}],"collection":[{"href":"https:\/\/egeatabey.com\/index.php\/wp-json\/wp\/v2\/pages"}],"about":[{"href":"https:\/\/egeatabey.com\/index.php\/wp-json\/wp\/v2\/types\/page"}],"author":[{"embeddable":true,"href":"https:\/\/egeatabey.com\/index.php\/wp-json\/wp\/v2\/users\/1"}],"replies":[{"embeddable":true,"href":"https:\/\/egeatabey.com\/index.php\/wp-json\/wp\/v2\/comments?post=6007"}],"version-history":[{"count":7,"href":"https:\/\/egeatabey.com\/index.php\/wp-json\/wp\/v2\/pages\/6007\/revisions"}],"predecessor-version":[{"id":6015,"href":"https:\/\/egeatabey.com\/index.php\/wp-json\/wp\/v2\/pages\/6007\/revisions\/6015"}],"wp:attachment":[{"href":"https:\/\/egeatabey.com\/index.php\/wp-json\/wp\/v2\/media?parent=6007"}],"curies":[{"name":"wp","href":"https:\/\/api.w.org\/{rel}","templated":true}]}}