{"id":6516,"date":"2026-02-24T08:36:49","date_gmt":"2026-02-24T08:36:49","guid":{"rendered":"https:\/\/egeatabey.com\/?page_id=6516"},"modified":"2026-03-02T07:40:50","modified_gmt":"2026-03-02T07:40:50","slug":"butterfly-effect-project","status":"publish","type":"page","link":"https:\/\/egeatabey.com\/index.php\/butterfly-effect-project\/","title":{"rendered":"BUTTERFLY EFFECT PROJECT-2020-2021"},"content":{"rendered":"\t\t<div data-elementor-type=\"wp-page\" data-elementor-id=\"6516\" class=\"elementor elementor-6516\" data-elementor-post-type=\"page\">\n\t\t\t\t<div class=\"elementor-element elementor-element-2746c9d e-flex e-con-boxed e-con e-parent\" data-id=\"2746c9d\" data-element_type=\"container\" data-settings=\"{&quot;ekit_has_onepagescroll_dot&quot;:&quot;yes&quot;}\">\n\t\t\t\t\t<div class=\"e-con-inner\">\n\t\t\t\t<div class=\"elementor-element elementor-element-cba4bb0 elementor-widget-divider--view-line elementor-widget elementor-widget-divider\" data-id=\"cba4bb0\" data-element_type=\"widget\" data-settings=\"{&quot;ekit_we_effect_on&quot;:&quot;none&quot;}\" data-widget_type=\"divider.default\">\n\t\t\t\t<div class=\"elementor-widget-container\">\n\t\t\t\t\t<div class=\"elementor-divider\">\n\t\t\t<span class=\"elementor-divider-separator\">\n\t\t\t\t\t\t<\/span>\n\t\t<\/div>\n\t\t\t\t<\/div>\n\t\t\t\t<\/div>\n\t\t\t\t<div class=\"elementor-element elementor-element-f86864c elementor-widget elementor-widget-heading\" data-id=\"f86864c\" data-element_type=\"widget\" data-settings=\"{&quot;ekit_we_effect_on&quot;:&quot;none&quot;}\" data-widget_type=\"heading.default\">\n\t\t\t\t<div class=\"elementor-widget-container\">\n\t\t\t<h2 class=\"elementor-heading-title elementor-size-default\">Etwinning\n<\/h2>\t\t<\/div>\n\t\t\t\t<\/div>\n\t\t\t\t\t<\/div>\n\t\t\t\t<\/div>\n\t\t<div class=\"elementor-element elementor-element-b43a714 e-flex e-con-boxed e-con e-parent\" data-id=\"b43a714\" data-element_type=\"container\" data-settings=\"{&quot;ekit_has_onepagescroll_dot&quot;:&quot;yes&quot;}\">\n\t\t\t\t\t<div class=\"e-con-inner\">\n\t\t\t\t<div class=\"elementor-element elementor-element-f0e12aa elementor-widget-divider--view-line elementor-widget elementor-widget-divider\" data-id=\"f0e12aa\" data-element_type=\"widget\" data-settings=\"{&quot;ekit_we_effect_on&quot;:&quot;none&quot;}\" data-widget_type=\"divider.default\">\n\t\t\t\t<div class=\"elementor-widget-container\">\n\t\t\t\t\t<div class=\"elementor-divider\">\n\t\t\t<span class=\"elementor-divider-separator\">\n\t\t\t\t\t\t<\/span>\n\t\t<\/div>\n\t\t\t\t<\/div>\n\t\t\t\t<\/div>\n\t\t\t\t<div class=\"elementor-element elementor-element-cffdaf1 elementor-widget elementor-widget-heading\" data-id=\"cffdaf1\" data-element_type=\"widget\" data-settings=\"{&quot;ekit_we_effect_on&quot;:&quot;none&quot;}\" data-widget_type=\"heading.default\">\n\t\t\t\t<div class=\"elementor-widget-container\">\n\t\t\t<h2 class=\"elementor-heading-title elementor-size-default\">\ud83c\udf0d BUTTERFLY EFFECT PROJECT\n<\/h2>\t\t<\/div>\n\t\t\t\t<\/div>\n\t\t\t\t<div class=\"elementor-element elementor-element-a230513 elementor-widget elementor-widget-text-editor\" data-id=\"a230513\" data-element_type=\"widget\" data-settings=\"{&quot;ekit_we_effect_on&quot;:&quot;none&quot;}\" data-widget_type=\"text-editor.default\">\n\t\t\t\t<div class=\"elementor-widget-container\">\n\t\t\t\t\t\t\t<p>In the 2020-2021 academic year, students in class 2A, under the guidance of teachers Sinem \u015eeker and 2C Julia Durulu, will acquire artistic skills through the butterfly-making process, developing their creativity, aesthetic sense, and origami abilities. Furthermore, by sharing the locations, languages, and most common butterfly species of partner countries during the butterfly-making and sending process, they will also enhance their awareness of Europe. This European awareness will be encouraged among other students in the school through the commemoration of butterflies gathered in a common and visible area. Through this project, our students will learn to use Web 2.0 tools and integrate technology with their manual skills.<\/p>\t\t\t\t\t\t<\/div>\n\t\t\t\t<\/div>\n\t\t\t\t\t<\/div>\n\t\t\t\t<\/div>\n\t\t<div class=\"elementor-element elementor-element-cb4ff28 e-flex e-con-boxed e-con e-parent\" data-id=\"cb4ff28\" data-element_type=\"container\" data-settings=\"{&quot;ekit_has_onepagescroll_dot&quot;:&quot;yes&quot;}\">\n\t\t\t\t\t<div class=\"e-con-inner\">\n\t\t\t\t<div class=\"elementor-element elementor-element-8fa7d00 elementor-widget-divider--view-line elementor-widget elementor-widget-divider\" data-id=\"8fa7d00\" data-element_type=\"widget\" data-settings=\"{&quot;ekit_we_effect_on&quot;:&quot;none&quot;}\" data-widget_type=\"divider.default\">\n\t\t\t\t<div class=\"elementor-widget-container\">\n\t\t\t\t\t<div class=\"elementor-divider\">\n\t\t\t<span class=\"elementor-divider-separator\">\n\t\t\t\t\t\t<\/span>\n\t\t<\/div>\n\t\t\t\t<\/div>\n\t\t\t\t<\/div>\n\t\t\t\t<div class=\"elementor-element elementor-element-9c03484 elementor-widget elementor-widget-heading\" data-id=\"9c03484\" data-element_type=\"widget\" data-settings=\"{&quot;ekit_we_effect_on&quot;:&quot;none&quot;}\" data-widget_type=\"heading.default\">\n\t\t\t\t<div class=\"elementor-widget-container\">\n\t\t\t<h2 class=\"elementor-heading-title elementor-size-default\">\ud83c\udf0d Kelebek Etkisi Projesi\n<\/h2>\t\t<\/div>\n\t\t\t\t<\/div>\n\t\t\t\t<div class=\"elementor-element elementor-element-af7eadf elementor-widget elementor-widget-text-editor\" data-id=\"af7eadf\" data-element_type=\"widget\" data-settings=\"{&quot;ekit_we_effect_on&quot;:&quot;none&quot;}\" data-widget_type=\"text-editor.default\">\n\t\t\t\t<div class=\"elementor-widget-container\">\n\t\t\t\t\t\t\t<p>2020-2021 2A s\u0131n\u0131f\u0131 S\u0130NEM \u015eEKER ve 2C JULIA DURULU \u00f6\u011fretmen ile bu y\u0131l \u00f6\u011frenciler kelebek yapma s\u00fcrecinde sanatsal beceriler edinecek, yarat\u0131c\u0131l\u0131klar\u0131n\u0131, estetik anlay\u0131\u015flar\u0131n\u0131 ve origamiyle ilgili becerilerini geli\u015ftirecekler. \u00d6te yandan, kelebek yapma ve g\u00f6nderme s\u00fcrecinde ortak \u00fclkelerin konumlar\u0131n\u0131, dillerini ve en yayg\u0131n kelebek t\u00fcrlerini payla\u015farak Avrupa fark\u0131ndal\u0131klar\u0131n\u0131 da geli\u015ftirecekler. Bu Avrupa fark\u0131ndal\u0131\u011f\u0131, okulun di\u011fer \u00f6\u011frencilerinde de, ortak ve g\u00f6r\u00fcn\u00fcr bir alanda toplanan kelebeklerin an\u0131lmas\u0131yla te\u015fvik edilecektir.<br \/>\u00d6\u011frencilerimiz bu projeyle web2.0 ara\u00e7lar\u0131n\u0131 kullanmay\u0131 ,teknolojiyi el becerileriyle entegre etmeyi \u00f6\u011frenecekler.\ud83e\udd8b<\/p>\t\t\t\t\t\t<\/div>\n\t\t\t\t<\/div>\n\t\t\t\t<div class=\"elementor-element elementor-element-ebb0f80 elementor-widget elementor-widget-image\" data-id=\"ebb0f80\" data-element_type=\"widget\" data-settings=\"{&quot;ekit_we_effect_on&quot;:&quot;none&quot;}\" data-widget_type=\"image.default\">\n\t\t\t\t<div class=\"elementor-widget-container\">\n\t\t\t\t\t\t\t\t\t\t\t\t\t<img fetchpriority=\"high\" decoding=\"async\" width=\"576\" height=\"1024\" src=\"https:\/\/egeatabey.com\/wp-content\/uploads\/2026\/02\/WhatsApp-Image-2026-02-24-at-11.35.35-576x1024.jpeg\" class=\"attachment-large size-large wp-image-6530\" alt=\"\" srcset=\"https:\/\/egeatabey.com\/wp-content\/uploads\/2026\/02\/WhatsApp-Image-2026-02-24-at-11.35.35-576x1024.jpeg 576w, https:\/\/egeatabey.com\/wp-content\/uploads\/2026\/02\/WhatsApp-Image-2026-02-24-at-11.35.35-169x300.jpeg 169w, https:\/\/egeatabey.com\/wp-content\/uploads\/2026\/02\/WhatsApp-Image-2026-02-24-at-11.35.35-768x1365.jpeg 768w, https:\/\/egeatabey.com\/wp-content\/uploads\/2026\/02\/WhatsApp-Image-2026-02-24-at-11.35.35-864x1536.jpeg 864w, https:\/\/egeatabey.com\/wp-content\/uploads\/2026\/02\/WhatsApp-Image-2026-02-24-at-11.35.35-600x1067.jpeg 600w, https:\/\/egeatabey.com\/wp-content\/uploads\/2026\/02\/WhatsApp-Image-2026-02-24-at-11.35.35.jpeg 900w\" sizes=\"(max-width: 576px) 100vw, 576px\" \/>\t\t\t\t\t\t\t\t\t\t\t\t\t<\/div>\n\t\t\t\t<\/div>\n\t\t\t\t\t<\/div>\n\t\t\t\t<\/div>\n\t\t\t\t<\/div>\n\t\t","protected":false},"excerpt":{"rendered":"<p>Etwinning \ud83c\udf0d BUTTERFLY EFFECT PROJECT In the 2020-2021 academic year, students in class 2A, under the guidance of teachers Sinem &hellip; <br \/><a href=\"https:\/\/egeatabey.com\/index.php\/butterfly-effect-project\/\" class=\"more-link\">Continue reading <span class=\"screen-reader-text\">BUTTERFLY EFFECT PROJECT-2020-2021<\/span><\/a><\/p>\n","protected":false},"author":1,"featured_media":0,"parent":0,"menu_order":0,"comment_status":"closed","ping_status":"closed","template":"elementor_header_footer","meta":{"footnotes":""},"class_list":["post-6516","page","type-page","status-publish","hentry"],"_links":{"self":[{"href":"https:\/\/egeatabey.com\/index.php\/wp-json\/wp\/v2\/pages\/6516","targetHints":{"allow":["GET"]}}],"collection":[{"href":"https:\/\/egeatabey.com\/index.php\/wp-json\/wp\/v2\/pages"}],"about":[{"href":"https:\/\/egeatabey.com\/index.php\/wp-json\/wp\/v2\/types\/page"}],"author":[{"embeddable":true,"href":"https:\/\/egeatabey.com\/index.php\/wp-json\/wp\/v2\/users\/1"}],"replies":[{"embeddable":true,"href":"https:\/\/egeatabey.com\/index.php\/wp-json\/wp\/v2\/comments?post=6516"}],"version-history":[{"count":9,"href":"https:\/\/egeatabey.com\/index.php\/wp-json\/wp\/v2\/pages\/6516\/revisions"}],"predecessor-version":[{"id":6596,"href":"https:\/\/egeatabey.com\/index.php\/wp-json\/wp\/v2\/pages\/6516\/revisions\/6596"}],"wp:attachment":[{"href":"https:\/\/egeatabey.com\/index.php\/wp-json\/wp\/v2\/media?parent=6516"}],"curies":[{"name":"wp","href":"https:\/\/api.w.org\/{rel}","templated":true}]}}