{"id":6518,"date":"2026-02-24T08:39:52","date_gmt":"2026-02-24T08:39:52","guid":{"rendered":"https:\/\/egeatabey.com\/?page_id=6518"},"modified":"2026-03-02T07:54:55","modified_gmt":"2026-03-02T07:54:55","slug":"growing-smart","status":"publish","type":"page","link":"https:\/\/egeatabey.com\/index.php\/growing-smart\/","title":{"rendered":"Growing Smart-2025-2026"},"content":{"rendered":"\t\t<div data-elementor-type=\"wp-page\" data-elementor-id=\"6518\" class=\"elementor elementor-6518\" data-elementor-post-type=\"page\">\n\t\t\t\t<div class=\"elementor-element elementor-element-2746c9d e-flex e-con-boxed e-con e-parent\" data-id=\"2746c9d\" data-element_type=\"container\" data-settings=\"{&quot;ekit_has_onepagescroll_dot&quot;:&quot;yes&quot;}\">\n\t\t\t\t\t<div class=\"e-con-inner\">\n\t\t\t\t<div class=\"elementor-element elementor-element-cba4bb0 elementor-widget-divider--view-line elementor-widget elementor-widget-divider\" data-id=\"cba4bb0\" data-element_type=\"widget\" data-settings=\"{&quot;ekit_we_effect_on&quot;:&quot;none&quot;}\" data-widget_type=\"divider.default\">\n\t\t\t\t<div class=\"elementor-widget-container\">\n\t\t\t\t\t<div class=\"elementor-divider\">\n\t\t\t<span class=\"elementor-divider-separator\">\n\t\t\t\t\t\t<\/span>\n\t\t<\/div>\n\t\t\t\t<\/div>\n\t\t\t\t<\/div>\n\t\t\t\t<div class=\"elementor-element elementor-element-f86864c elementor-widget elementor-widget-heading\" data-id=\"f86864c\" data-element_type=\"widget\" data-settings=\"{&quot;ekit_we_effect_on&quot;:&quot;none&quot;}\" data-widget_type=\"heading.default\">\n\t\t\t\t<div class=\"elementor-widget-container\">\n\t\t\t<h2 class=\"elementor-heading-title elementor-size-default\">Etwinning\n<\/h2>\t\t<\/div>\n\t\t\t\t<\/div>\n\t\t\t\t\t<\/div>\n\t\t\t\t<\/div>\n\t\t<div class=\"elementor-element elementor-element-b43a714 e-flex e-con-boxed e-con e-parent\" data-id=\"b43a714\" data-element_type=\"container\" data-settings=\"{&quot;ekit_has_onepagescroll_dot&quot;:&quot;yes&quot;}\">\n\t\t\t\t\t<div class=\"e-con-inner\">\n\t\t\t\t<div class=\"elementor-element elementor-element-f0e12aa elementor-widget-divider--view-line elementor-widget elementor-widget-divider\" data-id=\"f0e12aa\" data-element_type=\"widget\" data-settings=\"{&quot;ekit_we_effect_on&quot;:&quot;none&quot;}\" data-widget_type=\"divider.default\">\n\t\t\t\t<div class=\"elementor-widget-container\">\n\t\t\t\t\t<div class=\"elementor-divider\">\n\t\t\t<span class=\"elementor-divider-separator\">\n\t\t\t\t\t\t<\/span>\n\t\t<\/div>\n\t\t\t\t<\/div>\n\t\t\t\t<\/div>\n\t\t\t\t<div class=\"elementor-element elementor-element-cffdaf1 elementor-widget elementor-widget-heading\" data-id=\"cffdaf1\" data-element_type=\"widget\" data-settings=\"{&quot;ekit_we_effect_on&quot;:&quot;none&quot;}\" data-widget_type=\"heading.default\">\n\t\t\t\t<div class=\"elementor-widget-container\">\n\t\t\t<h2 class=\"elementor-heading-title elementor-size-default\">Growing Smart\n<\/h2>\t\t<\/div>\n\t\t\t\t<\/div>\n\t\t\t\t<div class=\"elementor-element elementor-element-a230513 elementor-widget elementor-widget-text-editor\" data-id=\"a230513\" data-element_type=\"widget\" data-settings=\"{&quot;ekit_we_effect_on&quot;:&quot;none&quot;}\" data-widget_type=\"text-editor.default\">\n\t\t\t\t<div class=\"elementor-widget-container\">\n\t\t\t\t\t\t\t<p>In a project conducted by our school&#8217;s teacher Ebru Yetkin and the 3-B class with Romania and Italy, they are researching and studying topics such as nutrition for growing students, what they should and shouldn&#8217;t do during their development process, and especially how they can minimize the harm we cause to the environment.<\/p>\t\t\t\t\t\t<\/div>\n\t\t\t\t<\/div>\n\t\t\t\t\t<\/div>\n\t\t\t\t<\/div>\n\t\t<div class=\"elementor-element elementor-element-cb4ff28 e-flex e-con-boxed e-con e-parent\" data-id=\"cb4ff28\" data-element_type=\"container\" data-settings=\"{&quot;ekit_has_onepagescroll_dot&quot;:&quot;yes&quot;}\">\n\t\t\t\t\t<div class=\"e-con-inner\">\n\t\t\t\t<div class=\"elementor-element elementor-element-8fa7d00 elementor-widget-divider--view-line elementor-widget elementor-widget-divider\" data-id=\"8fa7d00\" data-element_type=\"widget\" data-settings=\"{&quot;ekit_we_effect_on&quot;:&quot;none&quot;}\" data-widget_type=\"divider.default\">\n\t\t\t\t<div class=\"elementor-widget-container\">\n\t\t\t\t\t<div class=\"elementor-divider\">\n\t\t\t<span class=\"elementor-divider-separator\">\n\t\t\t\t\t\t<\/span>\n\t\t<\/div>\n\t\t\t\t<\/div>\n\t\t\t\t<\/div>\n\t\t\t\t<div class=\"elementor-element elementor-element-9c03484 elementor-widget elementor-widget-heading\" data-id=\"9c03484\" data-element_type=\"widget\" data-settings=\"{&quot;ekit_we_effect_on&quot;:&quot;none&quot;}\" data-widget_type=\"heading.default\">\n\t\t\t\t<div class=\"elementor-widget-container\">\n\t\t\t<h2 class=\"elementor-heading-title elementor-size-default\">Growing Smart (Ak\u0131ll\u0131 B\u00fcy\u00fcme) \n<\/h2>\t\t<\/div>\n\t\t\t\t<\/div>\n\t\t\t\t<div class=\"elementor-element elementor-element-af7eadf elementor-widget elementor-widget-text-editor\" data-id=\"af7eadf\" data-element_type=\"widget\" data-settings=\"{&quot;ekit_we_effect_on&quot;:&quot;none&quot;}\" data-widget_type=\"text-editor.default\">\n\t\t\t\t<div class=\"elementor-widget-container\">\n\t\t\t\t\t\t\t<p>Okulumuz \u00f6\u011fretmenlerinden Ebru Yetkin ve 3-B s\u0131n\u0131f\u0131n\u0131n Romanya ve \u0130talya ile y\u00fcr\u00fctt\u00fc\u011f\u00fc proje de, b\u00fcy\u00fcme \u00e7a\u011f\u0131nda ki \u00f6\u011frencilerimizin beslenme, geli\u015fim s\u00fcrecinde yapmalar\u0131 ve yapmamalar\u0131 gerekenler, \u00f6zellikle \u00e7evreye verdi\u011fimiz zarar\u0131n en aza indirgenmesi i\u00e7in neler yapabilirler vb. Konular \u00fczerinde ara\u015ft\u0131rmalar ve \u00e7al\u0131\u015fmalar yap\u0131yorlar.<\/p>\t\t\t\t\t\t<\/div>\n\t\t\t\t<\/div>\n\t\t\t\t<div class=\"elementor-element elementor-element-c5166ce elementor-widget elementor-widget-image\" data-id=\"c5166ce\" data-element_type=\"widget\" data-settings=\"{&quot;ekit_we_effect_on&quot;:&quot;none&quot;}\" data-widget_type=\"image.default\">\n\t\t\t\t<div class=\"elementor-widget-container\">\n\t\t\t\t\t\t\t\t\t\t\t\t\t<img fetchpriority=\"high\" decoding=\"async\" width=\"660\" height=\"933\" src=\"https:\/\/egeatabey.com\/wp-content\/uploads\/2026\/02\/WhatsApp-Image-2026-02-24-at-11.38.00-724x1024.jpeg\" class=\"attachment-large size-large wp-image-6534\" alt=\"\" srcset=\"https:\/\/egeatabey.com\/wp-content\/uploads\/2026\/02\/WhatsApp-Image-2026-02-24-at-11.38.00-724x1024.jpeg 724w, https:\/\/egeatabey.com\/wp-content\/uploads\/2026\/02\/WhatsApp-Image-2026-02-24-at-11.38.00-212x300.jpeg 212w, https:\/\/egeatabey.com\/wp-content\/uploads\/2026\/02\/WhatsApp-Image-2026-02-24-at-11.38.00-768x1086.jpeg 768w, https:\/\/egeatabey.com\/wp-content\/uploads\/2026\/02\/WhatsApp-Image-2026-02-24-at-11.38.00-1086x1536.jpeg 1086w, https:\/\/egeatabey.com\/wp-content\/uploads\/2026\/02\/WhatsApp-Image-2026-02-24-at-11.38.00-600x849.jpeg 600w, https:\/\/egeatabey.com\/wp-content\/uploads\/2026\/02\/WhatsApp-Image-2026-02-24-at-11.38.00.jpeg 1131w\" sizes=\"(max-width: 660px) 100vw, 660px\" \/>\t\t\t\t\t\t\t\t\t\t\t\t\t<\/div>\n\t\t\t\t<\/div>\n\t\t\t\t\t<\/div>\n\t\t\t\t<\/div>\n\t\t\t\t<\/div>\n\t\t","protected":false},"excerpt":{"rendered":"<p>Etwinning Growing Smart In a project conducted by our school&#8217;s teacher Ebru Yetkin and the 3-B class with Romania and &hellip; <br \/><a href=\"https:\/\/egeatabey.com\/index.php\/growing-smart\/\" class=\"more-link\">Continue reading <span class=\"screen-reader-text\">Growing Smart-2025-2026<\/span><\/a><\/p>\n","protected":false},"author":1,"featured_media":0,"parent":0,"menu_order":0,"comment_status":"closed","ping_status":"closed","template":"elementor_header_footer","meta":{"footnotes":""},"class_list":["post-6518","page","type-page","status-publish","hentry"],"_links":{"self":[{"href":"https:\/\/egeatabey.com\/index.php\/wp-json\/wp\/v2\/pages\/6518","targetHints":{"allow":["GET"]}}],"collection":[{"href":"https:\/\/egeatabey.com\/index.php\/wp-json\/wp\/v2\/pages"}],"about":[{"href":"https:\/\/egeatabey.com\/index.php\/wp-json\/wp\/v2\/types\/page"}],"author":[{"embeddable":true,"href":"https:\/\/egeatabey.com\/index.php\/wp-json\/wp\/v2\/users\/1"}],"replies":[{"embeddable":true,"href":"https:\/\/egeatabey.com\/index.php\/wp-json\/wp\/v2\/comments?post=6518"}],"version-history":[{"count":5,"href":"https:\/\/egeatabey.com\/index.php\/wp-json\/wp\/v2\/pages\/6518\/revisions"}],"predecessor-version":[{"id":6602,"href":"https:\/\/egeatabey.com\/index.php\/wp-json\/wp\/v2\/pages\/6518\/revisions\/6602"}],"wp:attachment":[{"href":"https:\/\/egeatabey.com\/index.php\/wp-json\/wp\/v2\/media?parent=6518"}],"curies":[{"name":"wp","href":"https:\/\/api.w.org\/{rel}","templated":true}]}}