{"id":6519,"date":"2026-02-24T08:47:34","date_gmt":"2026-02-24T08:47:34","guid":{"rendered":"https:\/\/egeatabey.com\/?page_id=6519"},"modified":"2026-03-02T07:41:17","modified_gmt":"2026-03-02T07:41:17","slug":"my-breathable-school-garden","status":"publish","type":"page","link":"https:\/\/egeatabey.com\/index.php\/my-breathable-school-garden\/","title":{"rendered":"My Breathable School Garden-2023-2024"},"content":{"rendered":"\t\t<div data-elementor-type=\"wp-page\" data-elementor-id=\"6519\" class=\"elementor elementor-6519\" data-elementor-post-type=\"page\">\n\t\t\t\t<div class=\"elementor-element elementor-element-2746c9d e-flex e-con-boxed e-con e-parent\" data-id=\"2746c9d\" data-element_type=\"container\" data-settings=\"{&quot;ekit_has_onepagescroll_dot&quot;:&quot;yes&quot;}\">\n\t\t\t\t\t<div class=\"e-con-inner\">\n\t\t\t\t<div class=\"elementor-element elementor-element-cba4bb0 elementor-widget-divider--view-line elementor-widget elementor-widget-divider\" data-id=\"cba4bb0\" data-element_type=\"widget\" data-settings=\"{&quot;ekit_we_effect_on&quot;:&quot;none&quot;}\" data-widget_type=\"divider.default\">\n\t\t\t\t<div class=\"elementor-widget-container\">\n\t\t\t\t\t<div class=\"elementor-divider\">\n\t\t\t<span class=\"elementor-divider-separator\">\n\t\t\t\t\t\t<\/span>\n\t\t<\/div>\n\t\t\t\t<\/div>\n\t\t\t\t<\/div>\n\t\t\t\t<div class=\"elementor-element elementor-element-f86864c elementor-widget elementor-widget-heading\" data-id=\"f86864c\" data-element_type=\"widget\" data-settings=\"{&quot;ekit_we_effect_on&quot;:&quot;none&quot;}\" data-widget_type=\"heading.default\">\n\t\t\t\t<div class=\"elementor-widget-container\">\n\t\t\t<h2 class=\"elementor-heading-title elementor-size-default\">Etwinning\n<\/h2>\t\t<\/div>\n\t\t\t\t<\/div>\n\t\t\t\t\t<\/div>\n\t\t\t\t<\/div>\n\t\t<div class=\"elementor-element elementor-element-b43a714 e-flex e-con-boxed e-con e-parent\" data-id=\"b43a714\" data-element_type=\"container\" data-settings=\"{&quot;ekit_has_onepagescroll_dot&quot;:&quot;yes&quot;}\">\n\t\t\t\t\t<div class=\"e-con-inner\">\n\t\t\t\t<div class=\"elementor-element elementor-element-f0e12aa elementor-widget-divider--view-line elementor-widget elementor-widget-divider\" data-id=\"f0e12aa\" data-element_type=\"widget\" data-settings=\"{&quot;ekit_we_effect_on&quot;:&quot;none&quot;}\" data-widget_type=\"divider.default\">\n\t\t\t\t<div class=\"elementor-widget-container\">\n\t\t\t\t\t<div class=\"elementor-divider\">\n\t\t\t<span class=\"elementor-divider-separator\">\n\t\t\t\t\t\t<\/span>\n\t\t<\/div>\n\t\t\t\t<\/div>\n\t\t\t\t<\/div>\n\t\t\t\t<div class=\"elementor-element elementor-element-cffdaf1 elementor-widget elementor-widget-heading\" data-id=\"cffdaf1\" data-element_type=\"widget\" data-settings=\"{&quot;ekit_we_effect_on&quot;:&quot;none&quot;}\" data-widget_type=\"heading.default\">\n\t\t\t\t<div class=\"elementor-widget-container\">\n\t\t\t<h2 class=\"elementor-heading-title elementor-size-default\">My Breathable School Garden\n<\/h2>\t\t<\/div>\n\t\t\t\t<\/div>\n\t\t\t\t<div class=\"elementor-element elementor-element-a230513 elementor-widget elementor-widget-text-editor\" data-id=\"a230513\" data-element_type=\"widget\" data-settings=\"{&quot;ekit_we_effect_on&quot;:&quot;none&quot;}\" data-widget_type=\"text-editor.default\">\n\t\t\t\t<div class=\"elementor-widget-container\">\n\t\t\t\t\t\t\t<p>As the founder of our school, in the 2023-2024 academic year, in the project led by our teachers Ebru, Sinem, and Saide, our students learned about environmental awareness, natural disasters, and the protection of natural resources through educational and fun activities throughout the year. As an outcome of the project, 3 saplings were planted in our school garden. At the end of the year, our teachers earned the National Quality Label, and our project was completed.<\/p>\t\t\t\t\t\t<\/div>\n\t\t\t\t<\/div>\n\t\t\t\t\t<\/div>\n\t\t\t\t<\/div>\n\t\t<div class=\"elementor-element elementor-element-cb4ff28 e-flex e-con-boxed e-con e-parent\" data-id=\"cb4ff28\" data-element_type=\"container\" data-settings=\"{&quot;ekit_has_onepagescroll_dot&quot;:&quot;yes&quot;}\">\n\t\t\t\t\t<div class=\"e-con-inner\">\n\t\t\t\t<div class=\"elementor-element elementor-element-8fa7d00 elementor-widget-divider--view-line elementor-widget elementor-widget-divider\" data-id=\"8fa7d00\" data-element_type=\"widget\" data-settings=\"{&quot;ekit_we_effect_on&quot;:&quot;none&quot;}\" data-widget_type=\"divider.default\">\n\t\t\t\t<div class=\"elementor-widget-container\">\n\t\t\t\t\t<div class=\"elementor-divider\">\n\t\t\t<span class=\"elementor-divider-separator\">\n\t\t\t\t\t\t<\/span>\n\t\t<\/div>\n\t\t\t\t<\/div>\n\t\t\t\t<\/div>\n\t\t\t\t<div class=\"elementor-element elementor-element-9c03484 elementor-widget elementor-widget-heading\" data-id=\"9c03484\" data-element_type=\"widget\" data-settings=\"{&quot;ekit_we_effect_on&quot;:&quot;none&quot;}\" data-widget_type=\"heading.default\">\n\t\t\t\t<div class=\"elementor-widget-container\">\n\t\t\t<h2 class=\"elementor-heading-title elementor-size-default\">\ud83c\udf0dMy Breathable School Garden (Nefes Alabilen Okul Bah\u00e7em)\n\n<\/h2>\t\t<\/div>\n\t\t\t\t<\/div>\n\t\t\t\t<div class=\"elementor-element elementor-element-af7eadf elementor-widget elementor-widget-text-editor\" data-id=\"af7eadf\" data-element_type=\"widget\" data-settings=\"{&quot;ekit_we_effect_on&quot;:&quot;none&quot;}\" data-widget_type=\"text-editor.default\">\n\t\t\t\t<div class=\"elementor-widget-container\">\n\t\t\t\t\t\t\t<p>Okulumuzun kurucusu olarak 2023-2024 y\u0131l\u0131 e\u011fitim \u00f6\u011fretim d\u00f6nemin de, Ebru, Sinem ve Saide \u00f6\u011fretmenlerimizin y\u00fcr\u00fctt\u00fc\u011f\u00fc proje de \u00f6\u011frencilerimiz \u00e7evre farkindal\u0131\u011f\u0131n\u0131, do\u011fal afetleri ve do\u011fal kaynaklar\u0131n korunmas\u0131n\u0131 e\u011fitici ve e\u011flenceli aktivitelerle sene boyunca yapt\u0131klar\u0131 etkinliklerle \u00f6\u011frendiler. Projenin \u00fcr\u00fcn \u00e7\u0131kt\u0131s\u0131 olarak okul bah\u00e7emize de 3 tane fidan dikilmi\u015ftir. Sene sonunda ogretmenlerimiz Ulusal Kalite Etiketi almaya hak kazanarak projemiz tamamlanm\u0131\u015ft\u0131r.<\/p>\t\t\t\t\t\t<\/div>\n\t\t\t\t<\/div>\n\t\t\t\t<div class=\"elementor-element elementor-element-0300d7d elementor-widget elementor-widget-image\" data-id=\"0300d7d\" data-element_type=\"widget\" data-settings=\"{&quot;ekit_we_effect_on&quot;:&quot;none&quot;}\" data-widget_type=\"image.default\">\n\t\t\t\t<div class=\"elementor-widget-container\">\n\t\t\t\t\t\t\t\t\t\t\t\t\t<img fetchpriority=\"high\" decoding=\"async\" width=\"660\" height=\"933\" src=\"https:\/\/egeatabey.com\/wp-content\/uploads\/2026\/02\/dddd-724x1024.jpeg\" class=\"attachment-large size-large wp-image-6543\" alt=\"\" srcset=\"https:\/\/egeatabey.com\/wp-content\/uploads\/2026\/02\/dddd-724x1024.jpeg 724w, https:\/\/egeatabey.com\/wp-content\/uploads\/2026\/02\/dddd-212x300.jpeg 212w, https:\/\/egeatabey.com\/wp-content\/uploads\/2026\/02\/dddd-768x1086.jpeg 768w, https:\/\/egeatabey.com\/wp-content\/uploads\/2026\/02\/dddd-1086x1536.jpeg 1086w, https:\/\/egeatabey.com\/wp-content\/uploads\/2026\/02\/dddd-600x849.jpeg 600w, https:\/\/egeatabey.com\/wp-content\/uploads\/2026\/02\/dddd.jpeg 1131w\" sizes=\"(max-width: 660px) 100vw, 660px\" \/>\t\t\t\t\t\t\t\t\t\t\t\t\t<\/div>\n\t\t\t\t<\/div>\n\t\t\t\t\t<\/div>\n\t\t\t\t<\/div>\n\t\t\t\t<\/div>\n\t\t","protected":false},"excerpt":{"rendered":"<p>Etwinning My Breathable School Garden As the founder of our school, in the 2023-2024 academic year, in the project led &hellip; <br \/><a href=\"https:\/\/egeatabey.com\/index.php\/my-breathable-school-garden\/\" class=\"more-link\">Continue reading <span class=\"screen-reader-text\">My Breathable School Garden-2023-2024<\/span><\/a><\/p>\n","protected":false},"author":1,"featured_media":0,"parent":0,"menu_order":0,"comment_status":"closed","ping_status":"closed","template":"elementor_header_footer","meta":{"footnotes":""},"class_list":["post-6519","page","type-page","status-publish","hentry"],"_links":{"self":[{"href":"https:\/\/egeatabey.com\/index.php\/wp-json\/wp\/v2\/pages\/6519","targetHints":{"allow":["GET"]}}],"collection":[{"href":"https:\/\/egeatabey.com\/index.php\/wp-json\/wp\/v2\/pages"}],"about":[{"href":"https:\/\/egeatabey.com\/index.php\/wp-json\/wp\/v2\/types\/page"}],"author":[{"embeddable":true,"href":"https:\/\/egeatabey.com\/index.php\/wp-json\/wp\/v2\/users\/1"}],"replies":[{"embeddable":true,"href":"https:\/\/egeatabey.com\/index.php\/wp-json\/wp\/v2\/comments?post=6519"}],"version-history":[{"count":6,"href":"https:\/\/egeatabey.com\/index.php\/wp-json\/wp\/v2\/pages\/6519\/revisions"}],"predecessor-version":[{"id":6599,"href":"https:\/\/egeatabey.com\/index.php\/wp-json\/wp\/v2\/pages\/6519\/revisions\/6599"}],"wp:attachment":[{"href":"https:\/\/egeatabey.com\/index.php\/wp-json\/wp\/v2\/media?parent=6519"}],"curies":[{"name":"wp","href":"https:\/\/api.w.org\/{rel}","templated":true}]}}