{"id":6549,"date":"2026-02-24T08:53:43","date_gmt":"2026-02-24T08:53:43","guid":{"rendered":"https:\/\/egeatabey.com\/?page_id=6549"},"modified":"2026-03-02T07:40:33","modified_gmt":"2026-03-02T07:40:33","slug":"123be-healthy-123saglikli-ol","status":"publish","type":"page","link":"https:\/\/egeatabey.com\/index.php\/123be-healthy-123saglikli-ol\/","title":{"rendered":"1,2,3\u2026Be Healthy! (1,2,3\u2026Sa\u011fl\u0131kl\u0131 Ol!)-2024-2025"},"content":{"rendered":"\t\t<div data-elementor-type=\"wp-page\" data-elementor-id=\"6549\" class=\"elementor elementor-6549\" data-elementor-post-type=\"page\">\n\t\t\t\t<div class=\"elementor-element elementor-element-2746c9d e-flex e-con-boxed e-con e-parent\" data-id=\"2746c9d\" data-element_type=\"container\" data-settings=\"{&quot;ekit_has_onepagescroll_dot&quot;:&quot;yes&quot;}\">\n\t\t\t\t\t<div class=\"e-con-inner\">\n\t\t\t\t<div class=\"elementor-element elementor-element-cba4bb0 elementor-widget-divider--view-line elementor-widget elementor-widget-divider\" data-id=\"cba4bb0\" data-element_type=\"widget\" data-settings=\"{&quot;ekit_we_effect_on&quot;:&quot;none&quot;}\" data-widget_type=\"divider.default\">\n\t\t\t\t<div class=\"elementor-widget-container\">\n\t\t\t\t\t<div class=\"elementor-divider\">\n\t\t\t<span class=\"elementor-divider-separator\">\n\t\t\t\t\t\t<\/span>\n\t\t<\/div>\n\t\t\t\t<\/div>\n\t\t\t\t<\/div>\n\t\t\t\t<div class=\"elementor-element elementor-element-f86864c elementor-widget elementor-widget-heading\" data-id=\"f86864c\" data-element_type=\"widget\" data-settings=\"{&quot;ekit_we_effect_on&quot;:&quot;none&quot;}\" data-widget_type=\"heading.default\">\n\t\t\t\t<div class=\"elementor-widget-container\">\n\t\t\t<h2 class=\"elementor-heading-title elementor-size-default\">Etwinning\n<\/h2>\t\t<\/div>\n\t\t\t\t<\/div>\n\t\t\t\t\t<\/div>\n\t\t\t\t<\/div>\n\t\t<div class=\"elementor-element elementor-element-b43a714 e-flex e-con-boxed e-con e-parent\" data-id=\"b43a714\" data-element_type=\"container\" data-settings=\"{&quot;ekit_has_onepagescroll_dot&quot;:&quot;yes&quot;}\">\n\t\t\t\t\t<div class=\"e-con-inner\">\n\t\t\t\t<div class=\"elementor-element elementor-element-f0e12aa elementor-widget-divider--view-line elementor-widget elementor-widget-divider\" data-id=\"f0e12aa\" data-element_type=\"widget\" data-settings=\"{&quot;ekit_we_effect_on&quot;:&quot;none&quot;}\" data-widget_type=\"divider.default\">\n\t\t\t\t<div class=\"elementor-widget-container\">\n\t\t\t\t\t<div class=\"elementor-divider\">\n\t\t\t<span class=\"elementor-divider-separator\">\n\t\t\t\t\t\t<\/span>\n\t\t<\/div>\n\t\t\t\t<\/div>\n\t\t\t\t<\/div>\n\t\t\t\t<div class=\"elementor-element elementor-element-cffdaf1 elementor-widget elementor-widget-heading\" data-id=\"cffdaf1\" data-element_type=\"widget\" data-settings=\"{&quot;ekit_we_effect_on&quot;:&quot;none&quot;}\" data-widget_type=\"heading.default\">\n\t\t\t\t<div class=\"elementor-widget-container\">\n\t\t\t<h2 class=\"elementor-heading-title elementor-size-default\">1,2,3\u2026Be Healthy! \n<\/h2>\t\t<\/div>\n\t\t\t\t<\/div>\n\t\t\t\t<div class=\"elementor-element elementor-element-a230513 elementor-widget elementor-widget-text-editor\" data-id=\"a230513\" data-element_type=\"widget\" data-settings=\"{&quot;ekit_we_effect_on&quot;:&quot;none&quot;}\" data-widget_type=\"text-editor.default\">\n\t\t\t\t<div class=\"elementor-widget-container\">\n\t\t\t\t\t\t\t<p><br \/>In a project conducted by our school&#8217;s teachers Ebru Yetkin and \u00d6zlem Karag\u00f6z during the 2024-2025 academic year, our students carried out studies and activities related to many topics such as preparing healthy plates, balanced and adequate nutrition, obesity, etc. Children both improved their English language skills and gained a lot of information about being healthy. Our project, supported by online meetings with the foreign founders from Italy, Spain, and Romania, won a National Quality Award at the end of the year<\/p>\t\t\t\t\t\t<\/div>\n\t\t\t\t<\/div>\n\t\t\t\t\t<\/div>\n\t\t\t\t<\/div>\n\t\t<div class=\"elementor-element elementor-element-cb4ff28 e-flex e-con-boxed e-con e-parent\" data-id=\"cb4ff28\" data-element_type=\"container\" data-settings=\"{&quot;ekit_has_onepagescroll_dot&quot;:&quot;yes&quot;}\">\n\t\t\t\t\t<div class=\"e-con-inner\">\n\t\t\t\t<div class=\"elementor-element elementor-element-8fa7d00 elementor-widget-divider--view-line elementor-widget elementor-widget-divider\" data-id=\"8fa7d00\" data-element_type=\"widget\" data-settings=\"{&quot;ekit_we_effect_on&quot;:&quot;none&quot;}\" data-widget_type=\"divider.default\">\n\t\t\t\t<div class=\"elementor-widget-container\">\n\t\t\t\t\t<div class=\"elementor-divider\">\n\t\t\t<span class=\"elementor-divider-separator\">\n\t\t\t\t\t\t<\/span>\n\t\t<\/div>\n\t\t\t\t<\/div>\n\t\t\t\t<\/div>\n\t\t\t\t<div class=\"elementor-element elementor-element-9c03484 elementor-widget elementor-widget-heading\" data-id=\"9c03484\" data-element_type=\"widget\" data-settings=\"{&quot;ekit_we_effect_on&quot;:&quot;none&quot;}\" data-widget_type=\"heading.default\">\n\t\t\t\t<div class=\"elementor-widget-container\">\n\t\t\t<h2 class=\"elementor-heading-title elementor-size-default\">1,2,3\u2026Be Healthy! (1,2,3\u2026Sa\u011fl\u0131kl\u0131 Ol!)\n<\/h2>\t\t<\/div>\n\t\t\t\t<\/div>\n\t\t\t\t<div class=\"elementor-element elementor-element-af7eadf elementor-widget elementor-widget-text-editor\" data-id=\"af7eadf\" data-element_type=\"widget\" data-settings=\"{&quot;ekit_we_effect_on&quot;:&quot;none&quot;}\" data-widget_type=\"text-editor.default\">\n\t\t\t\t<div class=\"elementor-widget-container\">\n\t\t\t\t\t\t\t<p>Okulumuz \u00f6\u011fretmenlerinden Ebru Yetkin ve \u00d6zlem Karag\u00f6z hocalar\u0131m\u0131z\u0131n 2024-2025 y\u0131l\u0131 e\u011fitim \u00f6\u011fretim y\u0131l\u0131nda birlikte y\u00fcr\u00fctt\u00fc\u011f\u00fc proje de, \u00f6\u011frencilerimiz sa\u011fl\u0131kl\u0131 tabaklar haz\u0131rlama, dengeli ve yeterli beslenme, obezite vb. Bir\u00e7ok konuyla ili\u015fkili \u00e7al\u0131\u015fmalar ve aktiviteler yapm\u0131\u015ft\u0131r. \u00c7ocuklar\u0131n hem ingilizce dil bilgisi geli\u015fim g\u00f6steriyorken hem de sa\u011fl\u0131kl\u0131 olma \u00fczerine bir\u00e7ok bilgiye sahip olmu\u015flard\u0131r. Projemizin yabanc\u0131 kurucular\u0131; \u0130talya, \u0130spanya ve Romanya ile yap\u0131lan online g\u00f6r\u00fc\u015fmeler ile desteklenerek sene sonunda Ulusal Kalite etkite kazan\u0131lm\u0131\u015ft\u0131r.<\/p>\t\t\t\t\t\t<\/div>\n\t\t\t\t<\/div>\n\t\t\t\t<div class=\"elementor-element elementor-element-030bf0b elementor-widget elementor-widget-image\" data-id=\"030bf0b\" data-element_type=\"widget\" data-settings=\"{&quot;ekit_we_effect_on&quot;:&quot;none&quot;}\" data-widget_type=\"image.default\">\n\t\t\t\t<div class=\"elementor-widget-container\">\n\t\t\t\t\t\t\t\t\t\t\t\t\t<img fetchpriority=\"high\" decoding=\"async\" width=\"660\" height=\"933\" src=\"https:\/\/egeatabey.com\/wp-content\/uploads\/2026\/02\/rrrrr-724x1024.jpeg\" class=\"attachment-large size-large wp-image-6559\" alt=\"\" srcset=\"https:\/\/egeatabey.com\/wp-content\/uploads\/2026\/02\/rrrrr-724x1024.jpeg 724w, https:\/\/egeatabey.com\/wp-content\/uploads\/2026\/02\/rrrrr-212x300.jpeg 212w, https:\/\/egeatabey.com\/wp-content\/uploads\/2026\/02\/rrrrr-768x1086.jpeg 768w, https:\/\/egeatabey.com\/wp-content\/uploads\/2026\/02\/rrrrr-1086x1536.jpeg 1086w, https:\/\/egeatabey.com\/wp-content\/uploads\/2026\/02\/rrrrr-600x849.jpeg 600w, https:\/\/egeatabey.com\/wp-content\/uploads\/2026\/02\/rrrrr.jpeg 1131w\" sizes=\"(max-width: 660px) 100vw, 660px\" \/>\t\t\t\t\t\t\t\t\t\t\t\t\t<\/div>\n\t\t\t\t<\/div>\n\t\t\t\t\t<\/div>\n\t\t\t\t<\/div>\n\t\t\t\t<\/div>\n\t\t","protected":false},"excerpt":{"rendered":"<p>Etwinning 1,2,3\u2026Be Healthy! In a project conducted by our school&#8217;s teachers Ebru Yetkin and \u00d6zlem Karag\u00f6z during the 2024-2025 academic &hellip; <br \/><a href=\"https:\/\/egeatabey.com\/index.php\/123be-healthy-123saglikli-ol\/\" class=\"more-link\">Continue reading <span class=\"screen-reader-text\">1,2,3\u2026Be Healthy! (1,2,3\u2026Sa\u011fl\u0131kl\u0131 Ol!)-2024-2025<\/span><\/a><\/p>\n","protected":false},"author":1,"featured_media":0,"parent":0,"menu_order":0,"comment_status":"closed","ping_status":"closed","template":"elementor_header_footer","meta":{"footnotes":""},"class_list":["post-6549","page","type-page","status-publish","hentry"],"_links":{"self":[{"href":"https:\/\/egeatabey.com\/index.php\/wp-json\/wp\/v2\/pages\/6549","targetHints":{"allow":["GET"]}}],"collection":[{"href":"https:\/\/egeatabey.com\/index.php\/wp-json\/wp\/v2\/pages"}],"about":[{"href":"https:\/\/egeatabey.com\/index.php\/wp-json\/wp\/v2\/types\/page"}],"author":[{"embeddable":true,"href":"https:\/\/egeatabey.com\/index.php\/wp-json\/wp\/v2\/users\/1"}],"replies":[{"embeddable":true,"href":"https:\/\/egeatabey.com\/index.php\/wp-json\/wp\/v2\/comments?post=6549"}],"version-history":[{"count":6,"href":"https:\/\/egeatabey.com\/index.php\/wp-json\/wp\/v2\/pages\/6549\/revisions"}],"predecessor-version":[{"id":6594,"href":"https:\/\/egeatabey.com\/index.php\/wp-json\/wp\/v2\/pages\/6549\/revisions\/6594"}],"wp:attachment":[{"href":"https:\/\/egeatabey.com\/index.php\/wp-json\/wp\/v2\/media?parent=6549"}],"curies":[{"name":"wp","href":"https:\/\/api.w.org\/{rel}","templated":true}]}}