{"id":6566,"date":"2026-02-26T13:21:36","date_gmt":"2026-02-26T13:21:36","guid":{"rendered":"https:\/\/egeatabey.com\/?page_id=6566"},"modified":"2026-02-26T13:22:41","modified_gmt":"2026-02-26T13:22:41","slug":"sharing-is-caring-etwinning-project-2021-2022","status":"publish","type":"page","link":"https:\/\/egeatabey.com\/index.php\/sharing-is-caring-etwinning-project-2021-2022\/","title":{"rendered":"SHARING IS CARING \u2013 eTwinning Project (2021-2022)"},"content":{"rendered":"\t\t<div data-elementor-type=\"wp-page\" data-elementor-id=\"6566\" class=\"elementor elementor-6566\" data-elementor-post-type=\"page\">\n\t\t\t\t<div class=\"elementor-element elementor-element-2746c9d e-flex e-con-boxed e-con e-parent\" data-id=\"2746c9d\" data-element_type=\"container\" data-settings=\"{&quot;ekit_has_onepagescroll_dot&quot;:&quot;yes&quot;}\">\n\t\t\t\t\t<div class=\"e-con-inner\">\n\t\t\t\t<div class=\"elementor-element elementor-element-cba4bb0 elementor-widget-divider--view-line elementor-widget elementor-widget-divider\" data-id=\"cba4bb0\" data-element_type=\"widget\" data-settings=\"{&quot;ekit_we_effect_on&quot;:&quot;none&quot;}\" data-widget_type=\"divider.default\">\n\t\t\t\t<div class=\"elementor-widget-container\">\n\t\t\t\t\t<div class=\"elementor-divider\">\n\t\t\t<span class=\"elementor-divider-separator\">\n\t\t\t\t\t\t<\/span>\n\t\t<\/div>\n\t\t\t\t<\/div>\n\t\t\t\t<\/div>\n\t\t\t\t<div class=\"elementor-element elementor-element-f86864c elementor-widget elementor-widget-heading\" data-id=\"f86864c\" data-element_type=\"widget\" data-settings=\"{&quot;ekit_we_effect_on&quot;:&quot;none&quot;}\" data-widget_type=\"heading.default\">\n\t\t\t\t<div class=\"elementor-widget-container\">\n\t\t\t<h2 class=\"elementor-heading-title elementor-size-default\">Etwinning\n<\/h2>\t\t<\/div>\n\t\t\t\t<\/div>\n\t\t\t\t\t<\/div>\n\t\t\t\t<\/div>\n\t\t<div class=\"elementor-element elementor-element-b43a714 e-flex e-con-boxed e-con e-parent\" data-id=\"b43a714\" data-element_type=\"container\" data-settings=\"{&quot;ekit_has_onepagescroll_dot&quot;:&quot;yes&quot;}\">\n\t\t\t\t\t<div class=\"e-con-inner\">\n\t\t\t\t<div class=\"elementor-element elementor-element-f0e12aa elementor-widget-divider--view-line elementor-widget elementor-widget-divider\" data-id=\"f0e12aa\" data-element_type=\"widget\" data-settings=\"{&quot;ekit_we_effect_on&quot;:&quot;none&quot;}\" data-widget_type=\"divider.default\">\n\t\t\t\t<div class=\"elementor-widget-container\">\n\t\t\t\t\t<div class=\"elementor-divider\">\n\t\t\t<span class=\"elementor-divider-separator\">\n\t\t\t\t\t\t<\/span>\n\t\t<\/div>\n\t\t\t\t<\/div>\n\t\t\t\t<\/div>\n\t\t\t\t<div class=\"elementor-element elementor-element-cffdaf1 elementor-widget elementor-widget-heading\" data-id=\"cffdaf1\" data-element_type=\"widget\" data-settings=\"{&quot;ekit_we_effect_on&quot;:&quot;none&quot;}\" data-widget_type=\"heading.default\">\n\t\t\t\t<div class=\"elementor-widget-container\">\n\t\t\t<h2 class=\"elementor-heading-title elementor-size-default\">SHARING IS CARING \u2013 eTwinning Project (2021-2022)\n<\/h2>\t\t<\/div>\n\t\t\t\t<\/div>\n\t\t\t\t<div class=\"elementor-element elementor-element-a230513 elementor-widget elementor-widget-text-editor\" data-id=\"a230513\" data-element_type=\"widget\" data-settings=\"{&quot;ekit_we_effect_on&quot;:&quot;none&quot;}\" data-widget_type=\"text-editor.default\">\n\t\t\t\t<div class=\"elementor-widget-container\">\n\t\t\t\t\t\t\t<div>The \u201cSharing is Caring\u201d eTwinning project was successfully carried out at our school between December 2021 and March 2022.<\/div><div>\u00a0<\/div><div>The project was conducted in partnership with Turkey, Spain, and Azerbaijan and was implemented within the framework of international collaboration by our school teachers Rana Kalem, Tu\u011fba Soydan, Julia Durulu, and Shahana Sariyeva. Bringing together students from different cultures, the project aimed to promote cultural exchange and to develop a sense of empathy, tolerance, and cooperation among students.<\/div><div>\u00a0<\/div><div>Throughout the project, students had the opportunity to:<\/div><div>\u2022Recognize and introduce their own cultural values,<\/div><div>\u2022Learn about the traditions and lifestyles of different countries,<\/div><div>\u2022Use their English skills in real communication contexts,<\/div><div>\u2022Use digital tools effectively and safely,<\/div><div>\u2022Develop a sense of sharing, solidarity, and responsibility.<\/div><div>\u00a0<\/div><div>Thanks to this international collaboration-based project, our students\u2019 academic, social, and emotional development was supported. The project contributed to raising self-confident individuals who respect cultural diversity and have strong communication skills.<\/div><div>\u00a0<\/div><div>Our school continues to take an active role in international projects that support the multidimensional development of our students.<\/div>\t\t\t\t\t\t<\/div>\n\t\t\t\t<\/div>\n\t\t\t\t\t<\/div>\n\t\t\t\t<\/div>\n\t\t<div class=\"elementor-element elementor-element-cb4ff28 e-flex e-con-boxed e-con e-parent\" data-id=\"cb4ff28\" data-element_type=\"container\" data-settings=\"{&quot;ekit_has_onepagescroll_dot&quot;:&quot;yes&quot;}\">\n\t\t\t\t\t<div class=\"e-con-inner\">\n\t\t\t\t<div class=\"elementor-element elementor-element-8fa7d00 elementor-widget-divider--view-line elementor-widget elementor-widget-divider\" data-id=\"8fa7d00\" data-element_type=\"widget\" data-settings=\"{&quot;ekit_we_effect_on&quot;:&quot;none&quot;}\" data-widget_type=\"divider.default\">\n\t\t\t\t<div class=\"elementor-widget-container\">\n\t\t\t\t\t<div class=\"elementor-divider\">\n\t\t\t<span class=\"elementor-divider-separator\">\n\t\t\t\t\t\t<\/span>\n\t\t<\/div>\n\t\t\t\t<\/div>\n\t\t\t\t<\/div>\n\t\t\t\t<div class=\"elementor-element elementor-element-9c03484 elementor-widget elementor-widget-heading\" data-id=\"9c03484\" data-element_type=\"widget\" data-settings=\"{&quot;ekit_we_effect_on&quot;:&quot;none&quot;}\" data-widget_type=\"heading.default\">\n\t\t\t\t<div class=\"elementor-widget-container\">\n\t\t\t<h2 class=\"elementor-heading-title elementor-size-default\">SHARING IS CARING \u2013 eTwinning Projesi<\/h2>\t\t<\/div>\n\t\t\t\t<\/div>\n\t\t\t\t<div class=\"elementor-element elementor-element-af7eadf elementor-widget elementor-widget-text-editor\" data-id=\"af7eadf\" data-element_type=\"widget\" data-settings=\"{&quot;ekit_we_effect_on&quot;:&quot;none&quot;}\" data-widget_type=\"text-editor.default\">\n\t\t\t\t<div class=\"elementor-widget-container\">\n\t\t\t\t\t\t\t<div>Okulumuzda Aral\u0131k 2021 \u2013 Mart 2022 tarihleri aras\u0131nda ger\u00e7ekle\u015ftirilen \u201cSharing is Caring (Payla\u015fmak \u00d6nemsemektir)\u201d adl\u0131 eTwinning projesi ba\u015far\u0131yla tamamlanm\u0131\u015ft\u0131r.<\/div><div>\u00a0<\/div><div>Proje; T\u00fcrkiye, \u0130spanya ve Azerbaycan ortakl\u0131\u011f\u0131nda y\u00fcr\u00fct\u00fclm\u00fc\u015f olup okulumuz \u00f6\u011fretmenleri Rana Kalem, Tu\u011fba Soydan, Julia Durulu ve Shahana Sariyeva taraf\u0131ndan uluslararas\u0131 i\u015f birli\u011fi kapsam\u0131nda ger\u00e7ekle\u015ftirilmi\u015ftir. Farkl\u0131 k\u00fclt\u00fcrlerden \u00f6\u011frencileri bir araya getiren bu \u00e7al\u0131\u015fma, k\u00fclt\u00fcrel payla\u015f\u0131m\u0131 art\u0131rmay\u0131 ve \u00f6\u011frenciler aras\u0131nda ho\u015fg\u00f6r\u00fc, empati ile i\u015f birli\u011fi bilinci geli\u015ftirmeyi ama\u00e7lam\u0131\u015ft\u0131r.<\/div><div>\u00a0<\/div><div>Proje s\u00fcrecinde \u00f6\u011frenciler;<\/div><div>\u2022Kendi k\u00fclt\u00fcrel de\u011ferlerini tan\u0131ma ve tan\u0131tma,<\/div><div>\u2022Farkl\u0131 \u00fclkelerin gelenek ve ya\u015fam bi\u00e7imlerini \u00f6\u011frenme,<\/div><div>\u2022Yabanc\u0131 dil becerilerini ger\u00e7ek ileti\u015fim ortamlar\u0131nda kullanma,<\/div><div>\u2022Dijital ara\u00e7lar\u0131 etkin ve g\u00fcvenli bi\u00e7imde kullanma,<\/div><div>\u2022Payla\u015fma, dayan\u0131\u015fma ve sorumluluk bilinci geli\u015ftirme<\/div><div>\u00a0<\/div><div>f\u0131rsat\u0131 bulmu\u015flard\u0131r.<\/div><div>\u00a0<\/div><div>Uluslararas\u0131 i\u015f birli\u011fi temelli bu proje sayesinde \u00f6\u011frencilerimizin hem akademik hem de sosyal-duygusal geli\u015fimleri desteklenmi\u015f; k\u00fclt\u00fcrel \u00e7e\u015fitlili\u011fe sayg\u0131 duyan, \u00f6zg\u00fcveni y\u00fcksek ve ileti\u015fim becerileri g\u00fc\u00e7l\u00fc bireyler olarak geli\u015fimlerine katk\u0131 sa\u011flanm\u0131\u015ft\u0131r.<\/div><div>\u00a0<\/div><div>Okulumuz, \u00f6\u011frencilerimizin \u00e7ok y\u00f6nl\u00fc geli\u015fimini destekleyen uluslararas\u0131 projelerde aktif rol almaya devam etmektedir.<\/div>\t\t\t\t\t\t<\/div>\n\t\t\t\t<\/div>\n\t\t\t\t<div class=\"elementor-element elementor-element-030bf0b elementor-widget elementor-widget-image\" data-id=\"030bf0b\" data-element_type=\"widget\" data-settings=\"{&quot;ekit_we_effect_on&quot;:&quot;none&quot;}\" data-widget_type=\"image.default\">\n\t\t\t\t<div class=\"elementor-widget-container\">\n\t\t\t\t\t\t\t\t\t\t\t\t\t<img fetchpriority=\"high\" decoding=\"async\" width=\"660\" height=\"990\" src=\"https:\/\/egeatabey.com\/wp-content\/uploads\/2026\/02\/WhatsApp-Image-2026-02-24-at-16.41.08-683x1024.jpeg\" class=\"attachment-large size-large wp-image-6568\" alt=\"\" srcset=\"https:\/\/egeatabey.com\/wp-content\/uploads\/2026\/02\/WhatsApp-Image-2026-02-24-at-16.41.08-683x1024.jpeg 683w, https:\/\/egeatabey.com\/wp-content\/uploads\/2026\/02\/WhatsApp-Image-2026-02-24-at-16.41.08-200x300.jpeg 200w, https:\/\/egeatabey.com\/wp-content\/uploads\/2026\/02\/WhatsApp-Image-2026-02-24-at-16.41.08-768x1152.jpeg 768w, https:\/\/egeatabey.com\/wp-content\/uploads\/2026\/02\/WhatsApp-Image-2026-02-24-at-16.41.08-600x900.jpeg 600w, https:\/\/egeatabey.com\/wp-content\/uploads\/2026\/02\/WhatsApp-Image-2026-02-24-at-16.41.08.jpeg 1024w\" sizes=\"(max-width: 660px) 100vw, 660px\" \/>\t\t\t\t\t\t\t\t\t\t\t\t\t<\/div>\n\t\t\t\t<\/div>\n\t\t\t\t\t<\/div>\n\t\t\t\t<\/div>\n\t\t\t\t<\/div>\n\t\t","protected":false},"excerpt":{"rendered":"<p>Etwinning SHARING IS CARING \u2013 eTwinning Project (2021-2022) The \u201cSharing is Caring\u201d eTwinning project was successfully carried out at our &hellip; <br \/><a href=\"https:\/\/egeatabey.com\/index.php\/sharing-is-caring-etwinning-project-2021-2022\/\" class=\"more-link\">Continue reading <span class=\"screen-reader-text\">SHARING IS CARING \u2013 eTwinning Project (2021-2022)<\/span><\/a><\/p>\n","protected":false},"author":1,"featured_media":0,"parent":0,"menu_order":0,"comment_status":"closed","ping_status":"closed","template":"elementor_header_footer","meta":{"footnotes":""},"class_list":["post-6566","page","type-page","status-publish","hentry"],"_links":{"self":[{"href":"https:\/\/egeatabey.com\/index.php\/wp-json\/wp\/v2\/pages\/6566","targetHints":{"allow":["GET"]}}],"collection":[{"href":"https:\/\/egeatabey.com\/index.php\/wp-json\/wp\/v2\/pages"}],"about":[{"href":"https:\/\/egeatabey.com\/index.php\/wp-json\/wp\/v2\/types\/page"}],"author":[{"embeddable":true,"href":"https:\/\/egeatabey.com\/index.php\/wp-json\/wp\/v2\/users\/1"}],"replies":[{"embeddable":true,"href":"https:\/\/egeatabey.com\/index.php\/wp-json\/wp\/v2\/comments?post=6566"}],"version-history":[{"count":4,"href":"https:\/\/egeatabey.com\/index.php\/wp-json\/wp\/v2\/pages\/6566\/revisions"}],"predecessor-version":[{"id":6571,"href":"https:\/\/egeatabey.com\/index.php\/wp-json\/wp\/v2\/pages\/6566\/revisions\/6571"}],"wp:attachment":[{"href":"https:\/\/egeatabey.com\/index.php\/wp-json\/wp\/v2\/media?parent=6566"}],"curies":[{"name":"wp","href":"https:\/\/api.w.org\/{rel}","templated":true}]}}